{"id":1279,"date":"2025-10-01T10:57:12","date_gmt":"2025-10-01T10:57:12","guid":{"rendered":"https:\/\/auksys.com\/?page_id=1279"},"modified":"2025-10-01T10:57:59","modified_gmt":"2025-10-01T10:57:59","slug":"gdpr","status":"publish","type":"page","link":"https:\/\/auksys.com\/index.php\/gdpr\/","title":{"rendered":"GDPR"},"content":{"rendered":"\t\t<div data-elementor-type=\"wp-page\" data-elementor-id=\"1279\" class=\"elementor elementor-1279\" data-elementor-post-type=\"page\">\n\t\t\t\t<div class=\"elementor-element elementor-element-a9b7a4a e-flex e-con-boxed e-con e-parent\" data-id=\"a9b7a4a\" data-element_type=\"container\" data-e-type=\"container\">\n\t\t\t\t\t<div class=\"e-con-inner\">\n\t\t\t\t<div class=\"elementor-element elementor-element-1de7340 elementor-widget elementor-widget-text-editor\" data-id=\"1de7340\" data-element_type=\"widget\" data-e-type=\"widget\" data-widget_type=\"text-editor.default\">\n\t\t\t\t<div class=\"elementor-widget-container\">\n\t\t\t\t\t\t\t\t\t<p><b>Z\u00e1sady ochrany osobn\u00edch \u00fadaj\u016f (GDPR)<\/b><\/p><ol><li><b> \u00davodn\u00ed ustanoven<\/b><span style=\"font-weight: 400;\">\u00ed<\/span><\/li><\/ol><p><span style=\"font-weight: 400;\">Tento dokument popisuje, jak spole\u010dnost Auskys s.r.o., se s\u00eddlem Sob\u00ednsk\u00e1 185, 252 19 Chr\u00e1\u0161\u0165any-Rudn\u00e1 u Prahy, I\u010cO: 274 23 603, e-mail: info@auksys.cz, telefon: +420 730 579 991 (d\u00e1le jen \u201espr\u00e1vce\u201c), zpracov\u00e1v\u00e1 osobn\u00ed \u00fadaje u\u017eivatel\u016f webov\u00e9 str\u00e1nky https:\/\/system4tennis.com (d\u00e1le jen \u201eweb\u201c).<\/span><\/p><p><span style=\"font-weight: 400;\">Ve\u0161ker\u00e9 zpracov\u00e1n\u00ed osobn\u00edch \u00fadaj\u016f prob\u00edh\u00e1 v souladu s Obecn\u00fdm na\u0159\u00edzen\u00edm o ochran\u011b osobn\u00edch \u00fadaj\u016f (EU) 2016\/679 (GDPR) a dal\u0161\u00edmi pr\u00e1vn\u00edmi p\u0159edpisy \u010cesk\u00e9 republiky.<\/span><\/p><ol start=\"2\"><li><b> Jak\u00e9 osobn\u00ed \u00fadaje zpracov\u00e1v\u00e1me<\/b><\/li><\/ol><p><span style=\"font-weight: 400;\">V r\u00e1mci provozu webu a poskytov\u00e1n\u00ed na\u0161ich slu\u017eeb m\u016f\u017eeme zpracov\u00e1vat n\u00e1sleduj\u00edc\u00ed osobn\u00ed \u00fadaje:<\/span><\/p><p><span style=\"font-weight: 400;\">Identifika\u010dn\u00ed \u00fadaje \u2013 jm\u00e9no, p\u0159\u00edjmen\u00ed, firma<\/span><\/p><p><span style=\"font-weight: 400;\">Kontaktn\u00ed \u00fadaje \u2013 e-mail, telefon<\/span><\/p><p><span style=\"font-weight: 400;\">Faktura\u010dn\u00ed \u00fadaje \u2013 pokud je relevantn\u00ed<\/span><\/p><p><span style=\"font-weight: 400;\">Technick\u00e9 \u00fadaje \u2013 IP adresa, cookies, informace o za\u0159\u00edzen\u00ed a prohl\u00ed\u017ee\u010di<\/span><\/p><ol start=\"3\"><li><b> \u00da\u010del a pr\u00e1vn\u00ed z\u00e1klad zpracov\u00e1n\u00ed<\/b><\/li><\/ol><p><span style=\"font-weight: 400;\">Osobn\u00ed \u00fadaje zpracov\u00e1v\u00e1me pro n\u00e1sleduj\u00edc\u00ed \u00fa\u010dely:<\/span><\/p><ol start=\"4\"><li><b> Kdo m\u00e1 k \u00fadaj\u016fm p\u0159\u00edstup<\/b><\/li><\/ol><p><span style=\"font-weight: 400;\">Va\u0161e osobn\u00ed \u00fadaje zpracov\u00e1v\u00e1 pouze spr\u00e1vce a jeho smluvn\u00ed partne\u0159i (zpracovatel\u00e9), kte\u0159\u00ed poskytuj\u00ed:<\/span><\/p><p><span style=\"font-weight: 400;\">IT slu\u017eby a hosting<\/span><\/p><p><span style=\"font-weight: 400;\">Platebn\u00ed a faktura\u010dn\u00ed syst\u00e9my (pokud relevantn\u00ed)<\/span><\/p><p><span style=\"font-weight: 400;\">Marketingov\u00e9 a analytick\u00e9 slu\u017eby (nap\u0159. Google Analytics, Meta Ads)<\/span><\/p><p><span style=\"font-weight: 400;\">Osobn\u00ed \u00fadaje nep\u0159ed\u00e1v\u00e1me t\u0159et\u00edm stran\u00e1m mimo EU, pokud k tomu nem\u00e1me v\u00fdslovn\u00fd souhlas nebo povinnost ze z\u00e1kona.<\/span><\/p><ol start=\"5\"><li><b> Doba uchov\u00e1n\u00ed osobn\u00edch \u00fadaj\u016f<\/b><\/li><\/ol><p><span style=\"font-weight: 400;\">Osobn\u00ed \u00fadaje uchov\u00e1v\u00e1me pouze po nezbytn\u011b nutnou dobu:<\/span><\/p><p><span style=\"font-weight: 400;\">\u00dadaje spojen\u00e9 s rezervac\u00ed \u2013 3 roky od posledn\u00ed aktivity<\/span><\/p><p><span style=\"font-weight: 400;\">Faktura\u010dn\u00ed \u00fadaje \u2013 10 let dle z\u00e1kona<\/span><\/p><p><span style=\"font-weight: 400;\">Marketingov\u00e9 \u00fadaje \u2013 do odvol\u00e1n\u00ed souhlasu<\/span><\/p><p><span style=\"font-weight: 400;\">Po uplynut\u00ed t\u011bchto lh\u016ft jsou \u00fadaje bezpe\u010dn\u011b smaz\u00e1ny nebo anonymizov\u00e1ny.<\/span><\/p><ol start=\"6\"><li><b> Pr\u00e1va subjekt\u016f \u00fadaj\u016f<\/b><\/li><\/ol><p><span style=\"font-weight: 400;\">M\u00e1te pr\u00e1vo:<\/span><\/p><p><span style=\"font-weight: 400;\">Po\u017e\u00e1dat o p\u0159\u00edstup ke sv\u00fdm \u00fadaj\u016fm<\/span><\/p><p><span style=\"font-weight: 400;\">Po\u017e\u00e1dat o opravu nebo v\u00fdmaz \u00fadaj\u016f<\/span><\/p><p><span style=\"font-weight: 400;\">Omezit zpracov\u00e1n\u00ed sv\u00fdch \u00fadaj\u016f<\/span><\/p><p><span style=\"font-weight: 400;\">Vzn\u00e9st n\u00e1mitku proti zpracov\u00e1n\u00ed na z\u00e1klad\u011b opr\u00e1vn\u011bn\u00e9ho z\u00e1jmu<\/span><\/p><p><span style=\"font-weight: 400;\">Odvolat souhlas (pokud je zpracov\u00e1n\u00ed zalo\u017eeno na souhlasu)<\/span><\/p><p><span style=\"font-weight: 400;\">Po\u017e\u00e1dat o p\u0159enositelnost \u00fadaj\u016f<\/span><\/p><p><span style=\"font-weight: 400;\">Po\u017eadavky m\u016f\u017eete zaslat na e-mail info@auksys.cz.<\/span><\/p><ol start=\"7\"><li><b> Pod\u00e1n\u00ed st\u00ed\u017enosti<\/b><\/li><\/ol><p><span style=\"font-weight: 400;\">Pokud se domn\u00edv\u00e1te, \u017ee s va\u0161imi \u00fadaji nakl\u00e1d\u00e1me v rozporu s GDPR, m\u016f\u017eete podat st\u00ed\u017enost u \u00da\u0159adu pro ochranu osobn\u00edch \u00fadaj\u016f (www.uoou.cz).<\/span><\/p><ol start=\"8\"><li><b> Cookies a analytika<\/b><\/li><\/ol><p><span style=\"font-weight: 400;\">Na webu pou\u017e\u00edv\u00e1me cookies k zaji\u0161t\u011bn\u00ed spr\u00e1vn\u00e9 funk\u010dnosti a anal\u00fdzy n\u00e1v\u0161t\u011bvnosti. Cookies m\u016f\u017eete spravovat nebo zak\u00e1zat ve sv\u00e9m prohl\u00ed\u017ee\u010di.<\/span><\/p><ol start=\"9\"><li><b> Zm\u011bny dokumentu<\/b><\/li><\/ol><p><span style=\"font-weight: 400;\">Tento dokument m\u016f\u017ee b\u00fdt aktualizov\u00e1n. Aktu\u00e1ln\u00ed verze bude v\u017edy dostupn\u00e1 na https:\/\/system4tennis.com<\/span><\/p><p><span style=\"font-weight: 400;\">Datum posledn\u00ed aktualizace: 27.5.2025<\/span><\/p>\t\t\t\t\t\t\t\t<\/div>\n\t\t\t\t<\/div>\n\t\t\t\t\t<\/div>\n\t\t\t\t<\/div>\n\t\t\t\t<\/div>\n\t\t","protected":false},"excerpt":{"rendered":"<p>Z\u00e1sady ochrany osobn\u00edch \u00fadaj\u016f (GDPR) \u00davodn\u00ed ustanoven\u00ed Tento dokument popisuje, jak spole\u010dnost Auskys s.r.o., se s\u00eddlem Sob\u00ednsk\u00e1 185, 252 19 Chr\u00e1\u0161\u0165any-Rudn\u00e1 u Prahy, I\u010cO: 274 23 603, e-mail: info@auksys.cz, telefon: +420 730 579 991 (d\u00e1le jen \u201espr\u00e1vce\u201c), zpracov\u00e1v\u00e1 osobn\u00ed \u00fadaje u\u017eivatel\u016f webov\u00e9 str\u00e1nky https:\/\/system4tennis.com (d\u00e1le jen \u201eweb\u201c). Ve\u0161ker\u00e9 zpracov\u00e1n\u00ed osobn\u00edch \u00fadaj\u016f prob\u00edh\u00e1 v souladu s [&hellip;]<\/p>\n","protected":false},"author":3,"featured_media":0,"parent":0,"menu_order":0,"comment_status":"closed","ping_status":"closed","template":"","meta":{"footnotes":""},"class_list":["post-1279","page","type-page","status-publish","hentry"],"yoast_head":"<!-- This site is optimized with the Yoast SEO plugin v25.9 - https:\/\/yoast.com\/wordpress\/plugins\/seo\/ -->\n<title>GDPR - Auksys Rezerva\u010dn\u00ed a n\u00e1hradov\u00e9 syst\u00e9my pro sportovn\u00ed centra -Auksys<\/title>\n<meta name=\"description\" content=\"Auksys nab\u00edz\u00ed rezerva\u010dn\u00ed a n\u00e1hradov\u00e9 syst\u00e9my pro sportovn\u00ed a vzd\u011bl\u00e1vac\u00ed centra. Snadn\u00e1 spr\u00e1va rezervac\u00ed, n\u00e1hrad, plateb a doch\u00e1zky na jednom m\u00edst\u011b.\" \/>\n<meta name=\"robots\" content=\"index, follow, max-snippet:-1, max-image-preview:large, max-video-preview:-1\" \/>\n<link rel=\"canonical\" href=\"https:\/\/auksys.com\/index.php\/gdpr\/\" \/>\n<meta property=\"og:locale\" content=\"en_US\" \/>\n<meta property=\"og:type\" content=\"article\" \/>\n<meta property=\"og:title\" content=\"GDPR - Auksys Rezerva\u010dn\u00ed a n\u00e1hradov\u00e9 syst\u00e9my pro sportovn\u00ed centra -Auksys\" \/>\n<meta property=\"og:description\" content=\"Auksys nab\u00edz\u00ed rezerva\u010dn\u00ed a n\u00e1hradov\u00e9 syst\u00e9my pro sportovn\u00ed a vzd\u011bl\u00e1vac\u00ed centra. Snadn\u00e1 spr\u00e1va rezervac\u00ed, n\u00e1hrad, plateb a doch\u00e1zky na jednom m\u00edst\u011b.\" \/>\n<meta property=\"og:url\" content=\"https:\/\/auksys.com\/index.php\/gdpr\/\" \/>\n<meta property=\"og:site_name\" content=\"Auksys\" \/>\n<meta property=\"article:publisher\" content=\"https:\/\/www.facebook.com\/auksyscz\" \/>\n<meta property=\"article:modified_time\" content=\"2025-10-01T10:57:59+00:00\" \/>\n<meta property=\"og:image\" content=\"https:\/\/auksys.com\/wp-content\/uploads\/2025\/05\/Auksys-n-m.png\" \/>\n\t<meta property=\"og:image:width\" content=\"872\" \/>\n\t<meta property=\"og:image:height\" content=\"622\" \/>\n\t<meta property=\"og:image:type\" content=\"image\/png\" \/>\n<meta name=\"twitter:card\" content=\"summary_large_image\" \/>\n<meta name=\"twitter:label1\" content=\"Est. reading time\" \/>\n\t<meta name=\"twitter:data1\" content=\"2 minutes\" \/>\n<script type=\"application\/ld+json\" class=\"yoast-schema-graph\">{\"@context\":\"https:\/\/schema.org\",\"@graph\":[{\"@type\":\"WebPage\",\"@id\":\"https:\/\/auksys.com\/index.php\/gdpr\/\",\"url\":\"https:\/\/auksys.com\/index.php\/gdpr\/\",\"name\":\"GDPR - Auksys Rezerva\u010dn\u00ed a n\u00e1hradov\u00e9 syst\u00e9my pro sportovn\u00ed centra -Auksys\",\"isPartOf\":{\"@id\":\"https:\/\/auksys.com\/#website\"},\"datePublished\":\"2025-10-01T10:57:12+00:00\",\"dateModified\":\"2025-10-01T10:57:59+00:00\",\"description\":\"Auksys nab\u00edz\u00ed rezerva\u010dn\u00ed a n\u00e1hradov\u00e9 syst\u00e9my pro sportovn\u00ed a vzd\u011bl\u00e1vac\u00ed centra. Snadn\u00e1 spr\u00e1va rezervac\u00ed, n\u00e1hrad, plateb a doch\u00e1zky na jednom m\u00edst\u011b.\",\"breadcrumb\":{\"@id\":\"https:\/\/auksys.com\/index.php\/gdpr\/#breadcrumb\"},\"inLanguage\":\"en-US\",\"potentialAction\":[{\"@type\":\"ReadAction\",\"target\":[\"https:\/\/auksys.com\/index.php\/gdpr\/\"]}]},{\"@type\":\"BreadcrumbList\",\"@id\":\"https:\/\/auksys.com\/index.php\/gdpr\/#breadcrumb\",\"itemListElement\":[{\"@type\":\"ListItem\",\"position\":1,\"name\":\"Dom\u016f\",\"item\":\"https:\/\/auksys.com\/\"},{\"@type\":\"ListItem\",\"position\":2,\"name\":\"GDPR\"}]},{\"@type\":\"WebSite\",\"@id\":\"https:\/\/auksys.com\/#website\",\"url\":\"https:\/\/auksys.com\/\",\"name\":\"Auksys\",\"description\":\"Syst\u00e9my pro spr\u00e1vu rezervac\u00ed a n\u00e1hrad pro sportovni a vzd\u011blavaci centra\",\"publisher\":{\"@id\":\"https:\/\/auksys.com\/#organization\"},\"alternateName\":\"Syst\u00e9my pro spr\u00e1vu rezervac\u00ed a n\u00e1hrad\",\"potentialAction\":[{\"@type\":\"SearchAction\",\"target\":{\"@type\":\"EntryPoint\",\"urlTemplate\":\"https:\/\/auksys.com\/?s={search_term_string}\"},\"query-input\":{\"@type\":\"PropertyValueSpecification\",\"valueRequired\":true,\"valueName\":\"search_term_string\"}}],\"inLanguage\":\"en-US\"},{\"@type\":\"Organization\",\"@id\":\"https:\/\/auksys.com\/#organization\",\"name\":\"Auksys s.r.o.\",\"alternateName\":\"Auksys s.r.o.\",\"url\":\"https:\/\/auksys.com\/\",\"logo\":{\"@type\":\"ImageObject\",\"inLanguage\":\"en-US\",\"@id\":\"https:\/\/auksys.com\/#\/schema\/logo\/image\/\",\"url\":\"https:\/\/auksys.com\/wp-content\/uploads\/2025\/05\/Auksys-n-m.png\",\"contentUrl\":\"https:\/\/auksys.com\/wp-content\/uploads\/2025\/05\/Auksys-n-m.png\",\"width\":872,\"height\":622,\"caption\":\"Auksys s.r.o.\"},\"image\":{\"@id\":\"https:\/\/auksys.com\/#\/schema\/logo\/image\/\"},\"sameAs\":[\"https:\/\/www.facebook.com\/auksyscz\",\"https:\/\/www.linkedin.com\/company\/auksys\/\",\"https:\/\/www.instagram.com\/auksys_cz\/\"]}]}<\/script>\n<!-- \/ Yoast SEO plugin. -->","yoast_head_json":{"title":"GDPR - Auksys Rezerva\u010dn\u00ed a n\u00e1hradov\u00e9 syst\u00e9my pro sportovn\u00ed centra -Auksys","description":"Auksys nab\u00edz\u00ed rezerva\u010dn\u00ed a n\u00e1hradov\u00e9 syst\u00e9my pro sportovn\u00ed a vzd\u011bl\u00e1vac\u00ed centra. Snadn\u00e1 spr\u00e1va rezervac\u00ed, n\u00e1hrad, plateb a doch\u00e1zky na jednom m\u00edst\u011b.","robots":{"index":"index","follow":"follow","max-snippet":"max-snippet:-1","max-image-preview":"max-image-preview:large","max-video-preview":"max-video-preview:-1"},"canonical":"https:\/\/auksys.com\/index.php\/gdpr\/","og_locale":"en_US","og_type":"article","og_title":"GDPR - Auksys Rezerva\u010dn\u00ed a n\u00e1hradov\u00e9 syst\u00e9my pro sportovn\u00ed centra -Auksys","og_description":"Auksys nab\u00edz\u00ed rezerva\u010dn\u00ed a n\u00e1hradov\u00e9 syst\u00e9my pro sportovn\u00ed a vzd\u011bl\u00e1vac\u00ed centra. Snadn\u00e1 spr\u00e1va rezervac\u00ed, n\u00e1hrad, plateb a doch\u00e1zky na jednom m\u00edst\u011b.","og_url":"https:\/\/auksys.com\/index.php\/gdpr\/","og_site_name":"Auksys","article_publisher":"https:\/\/www.facebook.com\/auksyscz","article_modified_time":"2025-10-01T10:57:59+00:00","og_image":[{"width":872,"height":622,"url":"https:\/\/auksys.com\/wp-content\/uploads\/2025\/05\/Auksys-n-m.png","type":"image\/png"}],"twitter_card":"summary_large_image","twitter_misc":{"Est. reading time":"2 minutes"},"schema":{"@context":"https:\/\/schema.org","@graph":[{"@type":"WebPage","@id":"https:\/\/auksys.com\/index.php\/gdpr\/","url":"https:\/\/auksys.com\/index.php\/gdpr\/","name":"GDPR - Auksys Rezerva\u010dn\u00ed a n\u00e1hradov\u00e9 syst\u00e9my pro sportovn\u00ed centra -Auksys","isPartOf":{"@id":"https:\/\/auksys.com\/#website"},"datePublished":"2025-10-01T10:57:12+00:00","dateModified":"2025-10-01T10:57:59+00:00","description":"Auksys nab\u00edz\u00ed rezerva\u010dn\u00ed a n\u00e1hradov\u00e9 syst\u00e9my pro sportovn\u00ed a vzd\u011bl\u00e1vac\u00ed centra. Snadn\u00e1 spr\u00e1va rezervac\u00ed, n\u00e1hrad, plateb a doch\u00e1zky na jednom m\u00edst\u011b.","breadcrumb":{"@id":"https:\/\/auksys.com\/index.php\/gdpr\/#breadcrumb"},"inLanguage":"en-US","potentialAction":[{"@type":"ReadAction","target":["https:\/\/auksys.com\/index.php\/gdpr\/"]}]},{"@type":"BreadcrumbList","@id":"https:\/\/auksys.com\/index.php\/gdpr\/#breadcrumb","itemListElement":[{"@type":"ListItem","position":1,"name":"Dom\u016f","item":"https:\/\/auksys.com\/"},{"@type":"ListItem","position":2,"name":"GDPR"}]},{"@type":"WebSite","@id":"https:\/\/auksys.com\/#website","url":"https:\/\/auksys.com\/","name":"Auksys","description":"Syst\u00e9my pro spr\u00e1vu rezervac\u00ed a n\u00e1hrad pro sportovni a vzd\u011blavaci centra","publisher":{"@id":"https:\/\/auksys.com\/#organization"},"alternateName":"Syst\u00e9my pro spr\u00e1vu rezervac\u00ed a n\u00e1hrad","potentialAction":[{"@type":"SearchAction","target":{"@type":"EntryPoint","urlTemplate":"https:\/\/auksys.com\/?s={search_term_string}"},"query-input":{"@type":"PropertyValueSpecification","valueRequired":true,"valueName":"search_term_string"}}],"inLanguage":"en-US"},{"@type":"Organization","@id":"https:\/\/auksys.com\/#organization","name":"Auksys s.r.o.","alternateName":"Auksys s.r.o.","url":"https:\/\/auksys.com\/","logo":{"@type":"ImageObject","inLanguage":"en-US","@id":"https:\/\/auksys.com\/#\/schema\/logo\/image\/","url":"https:\/\/auksys.com\/wp-content\/uploads\/2025\/05\/Auksys-n-m.png","contentUrl":"https:\/\/auksys.com\/wp-content\/uploads\/2025\/05\/Auksys-n-m.png","width":872,"height":622,"caption":"Auksys s.r.o."},"image":{"@id":"https:\/\/auksys.com\/#\/schema\/logo\/image\/"},"sameAs":["https:\/\/www.facebook.com\/auksyscz","https:\/\/www.linkedin.com\/company\/auksys\/","https:\/\/www.instagram.com\/auksys_cz\/"]}]}},"_links":{"self":[{"href":"https:\/\/auksys.com\/index.php\/wp-json\/wp\/v2\/pages\/1279","targetHints":{"allow":["GET"]}}],"collection":[{"href":"https:\/\/auksys.com\/index.php\/wp-json\/wp\/v2\/pages"}],"about":[{"href":"https:\/\/auksys.com\/index.php\/wp-json\/wp\/v2\/types\/page"}],"author":[{"embeddable":true,"href":"https:\/\/auksys.com\/index.php\/wp-json\/wp\/v2\/users\/3"}],"replies":[{"embeddable":true,"href":"https:\/\/auksys.com\/index.php\/wp-json\/wp\/v2\/comments?post=1279"}],"version-history":[{"count":4,"href":"https:\/\/auksys.com\/index.php\/wp-json\/wp\/v2\/pages\/1279\/revisions"}],"predecessor-version":[{"id":1283,"href":"https:\/\/auksys.com\/index.php\/wp-json\/wp\/v2\/pages\/1279\/revisions\/1283"}],"wp:attachment":[{"href":"https:\/\/auksys.com\/index.php\/wp-json\/wp\/v2\/media?parent=1279"}],"curies":[{"name":"wp","href":"https:\/\/api.w.org\/{rel}","templated":true}]}}