{"id":894,"date":"2024-10-11T10:06:59","date_gmt":"2024-10-11T10:06:59","guid":{"rendered":"https:\/\/auksys.com\/?page_id=894"},"modified":"2024-10-11T10:09:51","modified_gmt":"2024-10-11T10:09:51","slug":"thank-you-2","status":"publish","type":"page","link":"https:\/\/auksys.com\/index.php\/thank-you-2\/","title":{"rendered":"Thank you"},"content":{"rendered":"\t\t<div data-elementor-type=\"wp-page\" data-elementor-id=\"894\" class=\"elementor elementor-894\" data-elementor-post-type=\"page\">\n\t\t\t\t<div class=\"elementor-element elementor-element-8377a4c e-flex e-con-boxed e-con e-parent\" data-id=\"8377a4c\" data-element_type=\"container\" data-e-type=\"container\">\n\t\t\t\t\t<div class=\"e-con-inner\">\n\t\t\t\t<div class=\"elementor-element elementor-element-80d1348 elementor-widget elementor-widget-heading\" data-id=\"80d1348\" data-element_type=\"widget\" data-e-type=\"widget\" data-widget_type=\"heading.default\">\n\t\t\t\t<div class=\"elementor-widget-container\">\n\t\t\t\t\t<h2 class=\"elementor-heading-title elementor-size-default\">D\u011bkujeme za vypln\u011bn\u00ed kontaktn\u00edho formul\u00e1\u0159e.\n<\/h2>\t\t\t\t<\/div>\n\t\t\t\t<\/div>\n\t\t\t\t<div class=\"elementor-element elementor-element-47ddedb elementor-widget elementor-widget-text-editor\" data-id=\"47ddedb\" data-element_type=\"widget\" data-e-type=\"widget\" data-widget_type=\"text-editor.default\">\n\t\t\t\t<div class=\"elementor-widget-container\">\n\t\t\t\t\t\t\t\t\t<p>Jeden z \u010dlen\u016f t\u00fdmu Auksys se V\u00e1m co nejd\u0159\u00edve ozve ohledn\u011b dal\u0161\u00edho postupu.\u00a0<\/p>\t\t\t\t\t\t\t\t<\/div>\n\t\t\t\t<\/div>\n\t\t\t\t\t<\/div>\n\t\t\t\t<\/div>\n\t\t\t\t<\/div>\n\t\t","protected":false},"excerpt":{"rendered":"<p>D\u011bkujeme za vypln\u011bn\u00ed kontaktn\u00edho formul\u00e1\u0159e. Jeden z \u010dlen\u016f t\u00fdmu Auksys se V\u00e1m co nejd\u0159\u00edve ozve ohledn\u011b dal\u0161\u00edho postupu.\u00a0<\/p>\n","protected":false},"author":1,"featured_media":0,"parent":0,"menu_order":0,"comment_status":"closed","ping_status":"closed","template":"","meta":{"footnotes":""},"class_list":["post-894","page","type-page","status-publish","hentry"],"yoast_head":"<!-- This site is optimized with the Yoast SEO plugin v25.9 - https:\/\/yoast.com\/wordpress\/plugins\/seo\/ -->\n<title>Thank you - Auksys Rezerva\u010dn\u00ed a n\u00e1hradov\u00e9 syst\u00e9my pro sportovn\u00ed centra -Auksys<\/title>\n<meta name=\"description\" content=\"Auksys nab\u00edz\u00ed rezerva\u010dn\u00ed a n\u00e1hradov\u00e9 syst\u00e9my pro sportovn\u00ed a vzd\u011bl\u00e1vac\u00ed centra. Snadn\u00e1 spr\u00e1va rezervac\u00ed, n\u00e1hrad, plateb a doch\u00e1zky na jednom m\u00edst\u011b.\" \/>\n<meta name=\"robots\" content=\"index, follow, max-snippet:-1, max-image-preview:large, max-video-preview:-1\" \/>\n<link rel=\"canonical\" href=\"https:\/\/auksys.com\/index.php\/thank-you-2\/\" \/>\n<meta property=\"og:locale\" content=\"en_US\" \/>\n<meta property=\"og:type\" content=\"article\" \/>\n<meta property=\"og:title\" content=\"Thank you - Auksys Rezerva\u010dn\u00ed a n\u00e1hradov\u00e9 syst\u00e9my pro sportovn\u00ed centra -Auksys\" \/>\n<meta property=\"og:description\" content=\"Auksys nab\u00edz\u00ed rezerva\u010dn\u00ed a n\u00e1hradov\u00e9 syst\u00e9my pro sportovn\u00ed a vzd\u011bl\u00e1vac\u00ed centra. Snadn\u00e1 spr\u00e1va rezervac\u00ed, n\u00e1hrad, plateb a doch\u00e1zky na jednom m\u00edst\u011b.\" \/>\n<meta property=\"og:url\" content=\"https:\/\/auksys.com\/index.php\/thank-you-2\/\" \/>\n<meta property=\"og:site_name\" content=\"Auksys\" \/>\n<meta property=\"article:publisher\" content=\"https:\/\/www.facebook.com\/auksyscz\" \/>\n<meta property=\"article:modified_time\" content=\"2024-10-11T10:09:51+00:00\" \/>\n<meta property=\"og:image\" content=\"https:\/\/auksys.com\/wp-content\/uploads\/2025\/05\/Auksys-n-m.png\" \/>\n\t<meta property=\"og:image:width\" content=\"872\" \/>\n\t<meta property=\"og:image:height\" content=\"622\" \/>\n\t<meta property=\"og:image:type\" content=\"image\/png\" \/>\n<meta name=\"twitter:card\" content=\"summary_large_image\" \/>\n<script type=\"application\/ld+json\" class=\"yoast-schema-graph\">{\"@context\":\"https:\/\/schema.org\",\"@graph\":[{\"@type\":\"WebPage\",\"@id\":\"https:\/\/auksys.com\/index.php\/thank-you-2\/\",\"url\":\"https:\/\/auksys.com\/index.php\/thank-you-2\/\",\"name\":\"Thank you - Auksys Rezerva\u010dn\u00ed a n\u00e1hradov\u00e9 syst\u00e9my pro sportovn\u00ed centra -Auksys\",\"isPartOf\":{\"@id\":\"https:\/\/auksys.com\/#website\"},\"datePublished\":\"2024-10-11T10:06:59+00:00\",\"dateModified\":\"2024-10-11T10:09:51+00:00\",\"description\":\"Auksys nab\u00edz\u00ed rezerva\u010dn\u00ed a n\u00e1hradov\u00e9 syst\u00e9my pro sportovn\u00ed a vzd\u011bl\u00e1vac\u00ed centra. Snadn\u00e1 spr\u00e1va rezervac\u00ed, n\u00e1hrad, plateb a doch\u00e1zky na jednom m\u00edst\u011b.\",\"breadcrumb\":{\"@id\":\"https:\/\/auksys.com\/index.php\/thank-you-2\/#breadcrumb\"},\"inLanguage\":\"en-US\",\"potentialAction\":[{\"@type\":\"ReadAction\",\"target\":[\"https:\/\/auksys.com\/index.php\/thank-you-2\/\"]}]},{\"@type\":\"BreadcrumbList\",\"@id\":\"https:\/\/auksys.com\/index.php\/thank-you-2\/#breadcrumb\",\"itemListElement\":[{\"@type\":\"ListItem\",\"position\":1,\"name\":\"Dom\u016f\",\"item\":\"https:\/\/auksys.com\/\"},{\"@type\":\"ListItem\",\"position\":2,\"name\":\"Thank you\"}]},{\"@type\":\"WebSite\",\"@id\":\"https:\/\/auksys.com\/#website\",\"url\":\"https:\/\/auksys.com\/\",\"name\":\"Auksys\",\"description\":\"Syst\u00e9my pro spr\u00e1vu rezervac\u00ed a n\u00e1hrad pro sportovni a vzd\u011blavaci centra\",\"publisher\":{\"@id\":\"https:\/\/auksys.com\/#organization\"},\"alternateName\":\"Syst\u00e9my pro spr\u00e1vu rezervac\u00ed a n\u00e1hrad\",\"potentialAction\":[{\"@type\":\"SearchAction\",\"target\":{\"@type\":\"EntryPoint\",\"urlTemplate\":\"https:\/\/auksys.com\/?s={search_term_string}\"},\"query-input\":{\"@type\":\"PropertyValueSpecification\",\"valueRequired\":true,\"valueName\":\"search_term_string\"}}],\"inLanguage\":\"en-US\"},{\"@type\":\"Organization\",\"@id\":\"https:\/\/auksys.com\/#organization\",\"name\":\"Auksys s.r.o.\",\"alternateName\":\"Auksys s.r.o.\",\"url\":\"https:\/\/auksys.com\/\",\"logo\":{\"@type\":\"ImageObject\",\"inLanguage\":\"en-US\",\"@id\":\"https:\/\/auksys.com\/#\/schema\/logo\/image\/\",\"url\":\"https:\/\/auksys.com\/wp-content\/uploads\/2025\/05\/Auksys-n-m.png\",\"contentUrl\":\"https:\/\/auksys.com\/wp-content\/uploads\/2025\/05\/Auksys-n-m.png\",\"width\":872,\"height\":622,\"caption\":\"Auksys s.r.o.\"},\"image\":{\"@id\":\"https:\/\/auksys.com\/#\/schema\/logo\/image\/\"},\"sameAs\":[\"https:\/\/www.facebook.com\/auksyscz\",\"https:\/\/www.linkedin.com\/company\/auksys\/\",\"https:\/\/www.instagram.com\/auksys_cz\/\"]}]}<\/script>\n<!-- \/ Yoast SEO plugin. -->","yoast_head_json":{"title":"Thank you - Auksys Rezerva\u010dn\u00ed a n\u00e1hradov\u00e9 syst\u00e9my pro sportovn\u00ed centra -Auksys","description":"Auksys nab\u00edz\u00ed rezerva\u010dn\u00ed a n\u00e1hradov\u00e9 syst\u00e9my pro sportovn\u00ed a vzd\u011bl\u00e1vac\u00ed centra. Snadn\u00e1 spr\u00e1va rezervac\u00ed, n\u00e1hrad, plateb a doch\u00e1zky na jednom m\u00edst\u011b.","robots":{"index":"index","follow":"follow","max-snippet":"max-snippet:-1","max-image-preview":"max-image-preview:large","max-video-preview":"max-video-preview:-1"},"canonical":"https:\/\/auksys.com\/index.php\/thank-you-2\/","og_locale":"en_US","og_type":"article","og_title":"Thank you - Auksys Rezerva\u010dn\u00ed a n\u00e1hradov\u00e9 syst\u00e9my pro sportovn\u00ed centra -Auksys","og_description":"Auksys nab\u00edz\u00ed rezerva\u010dn\u00ed a n\u00e1hradov\u00e9 syst\u00e9my pro sportovn\u00ed a vzd\u011bl\u00e1vac\u00ed centra. Snadn\u00e1 spr\u00e1va rezervac\u00ed, n\u00e1hrad, plateb a doch\u00e1zky na jednom m\u00edst\u011b.","og_url":"https:\/\/auksys.com\/index.php\/thank-you-2\/","og_site_name":"Auksys","article_publisher":"https:\/\/www.facebook.com\/auksyscz","article_modified_time":"2024-10-11T10:09:51+00:00","og_image":[{"width":872,"height":622,"url":"https:\/\/auksys.com\/wp-content\/uploads\/2025\/05\/Auksys-n-m.png","type":"image\/png"}],"twitter_card":"summary_large_image","schema":{"@context":"https:\/\/schema.org","@graph":[{"@type":"WebPage","@id":"https:\/\/auksys.com\/index.php\/thank-you-2\/","url":"https:\/\/auksys.com\/index.php\/thank-you-2\/","name":"Thank you - Auksys Rezerva\u010dn\u00ed a n\u00e1hradov\u00e9 syst\u00e9my pro sportovn\u00ed centra -Auksys","isPartOf":{"@id":"https:\/\/auksys.com\/#website"},"datePublished":"2024-10-11T10:06:59+00:00","dateModified":"2024-10-11T10:09:51+00:00","description":"Auksys nab\u00edz\u00ed rezerva\u010dn\u00ed a n\u00e1hradov\u00e9 syst\u00e9my pro sportovn\u00ed a vzd\u011bl\u00e1vac\u00ed centra. Snadn\u00e1 spr\u00e1va rezervac\u00ed, n\u00e1hrad, plateb a doch\u00e1zky na jednom m\u00edst\u011b.","breadcrumb":{"@id":"https:\/\/auksys.com\/index.php\/thank-you-2\/#breadcrumb"},"inLanguage":"en-US","potentialAction":[{"@type":"ReadAction","target":["https:\/\/auksys.com\/index.php\/thank-you-2\/"]}]},{"@type":"BreadcrumbList","@id":"https:\/\/auksys.com\/index.php\/thank-you-2\/#breadcrumb","itemListElement":[{"@type":"ListItem","position":1,"name":"Dom\u016f","item":"https:\/\/auksys.com\/"},{"@type":"ListItem","position":2,"name":"Thank you"}]},{"@type":"WebSite","@id":"https:\/\/auksys.com\/#website","url":"https:\/\/auksys.com\/","name":"Auksys","description":"Syst\u00e9my pro spr\u00e1vu rezervac\u00ed a n\u00e1hrad pro sportovni a vzd\u011blavaci centra","publisher":{"@id":"https:\/\/auksys.com\/#organization"},"alternateName":"Syst\u00e9my pro spr\u00e1vu rezervac\u00ed a n\u00e1hrad","potentialAction":[{"@type":"SearchAction","target":{"@type":"EntryPoint","urlTemplate":"https:\/\/auksys.com\/?s={search_term_string}"},"query-input":{"@type":"PropertyValueSpecification","valueRequired":true,"valueName":"search_term_string"}}],"inLanguage":"en-US"},{"@type":"Organization","@id":"https:\/\/auksys.com\/#organization","name":"Auksys s.r.o.","alternateName":"Auksys s.r.o.","url":"https:\/\/auksys.com\/","logo":{"@type":"ImageObject","inLanguage":"en-US","@id":"https:\/\/auksys.com\/#\/schema\/logo\/image\/","url":"https:\/\/auksys.com\/wp-content\/uploads\/2025\/05\/Auksys-n-m.png","contentUrl":"https:\/\/auksys.com\/wp-content\/uploads\/2025\/05\/Auksys-n-m.png","width":872,"height":622,"caption":"Auksys s.r.o."},"image":{"@id":"https:\/\/auksys.com\/#\/schema\/logo\/image\/"},"sameAs":["https:\/\/www.facebook.com\/auksyscz","https:\/\/www.linkedin.com\/company\/auksys\/","https:\/\/www.instagram.com\/auksys_cz\/"]}]}},"_links":{"self":[{"href":"https:\/\/auksys.com\/index.php\/wp-json\/wp\/v2\/pages\/894","targetHints":{"allow":["GET"]}}],"collection":[{"href":"https:\/\/auksys.com\/index.php\/wp-json\/wp\/v2\/pages"}],"about":[{"href":"https:\/\/auksys.com\/index.php\/wp-json\/wp\/v2\/types\/page"}],"author":[{"embeddable":true,"href":"https:\/\/auksys.com\/index.php\/wp-json\/wp\/v2\/users\/1"}],"replies":[{"embeddable":true,"href":"https:\/\/auksys.com\/index.php\/wp-json\/wp\/v2\/comments?post=894"}],"version-history":[{"count":10,"href":"https:\/\/auksys.com\/index.php\/wp-json\/wp\/v2\/pages\/894\/revisions"}],"predecessor-version":[{"id":904,"href":"https:\/\/auksys.com\/index.php\/wp-json\/wp\/v2\/pages\/894\/revisions\/904"}],"wp:attachment":[{"href":"https:\/\/auksys.com\/index.php\/wp-json\/wp\/v2\/media?parent=894"}],"curies":[{"name":"wp","href":"https:\/\/api.w.org\/{rel}","templated":true}]}}